{"id":36,"date":"2020-08-18T12:31:39","date_gmt":"2020-08-18T12:31:39","guid":{"rendered":"https:\/\/wp.rogalla-consulting.com\/?page_id=36"},"modified":"2024-06-11T18:11:45","modified_gmt":"2024-06-11T16:11:45","slug":"impressum","status":"publish","type":"page","link":"https:\/\/www.rogalla-consulting.com\/en\/impressum\/","title":{"rendered":"Impressum"},"content":{"rendered":"\t\t<div data-elementor-type=\"wp-page\" data-elementor-id=\"36\" class=\"elementor elementor-36\" data-elementor-settings=\"[]\">\n\t\t\t\t\t\t<div class=\"elementor-inner\">\n\t\t\t\t\t\t\t<div class=\"elementor-section-wrap\">\n\t\t\t\t\t\t\t<section class=\"elementor-section elementor-top-section elementor-element elementor-element-44587f6f elementor-section-boxed elementor-section-height-default elementor-section-height-default\" data-id=\"44587f6f\" data-element_type=\"section\">\n\t\t\t\t\t\t<div class=\"elementor-container elementor-column-gap-default\">\n\t\t\t\t\t\t\t<div class=\"elementor-row\">\n\t\t\t\t\t<div class=\"elementor-column elementor-col-100 elementor-top-column elementor-element elementor-element-2ede0d28\" data-id=\"2ede0d28\" data-element_type=\"column\">\n\t\t\t<div class=\"elementor-column-wrap elementor-element-populated\">\n\t\t\t\t\t\t\t<div class=\"elementor-widget-wrap\">\n\t\t\t\t\t\t<div class=\"elementor-element elementor-element-7a637c7c elementor-widget elementor-widget-text-editor\" data-id=\"7a637c7c\" data-element_type=\"widget\" data-widget_type=\"text-editor.default\">\n\t\t\t\t<div class=\"elementor-widget-container\">\n\t\t\t\t\t<div class=\"elementor-text-editor elementor-clearfix\"><p class=\"p1\"><strong>Angaben gem\u00e4\u00df \u00a7 5 DDG. <\/strong><b>Verantwortlich f\u00fcr den Inhalt nach \u00a7 55 Abs. 2 RStV:<\/b><\/p><p><strong>Rogalla Consulting<\/strong><br \/>Dr.-Ing. Arno Rogalla<\/p><p>R\u00fchmels 74<br \/>D-24576\u00a0 Bad Bramstedt<\/p><p>Telefon: +49 4192 8936212<br \/>Mobil:\u00a0<a href=\"tel:+491771420938\">+49 177 1420938<\/a><br \/>Fax: +49 4192 8936213<\/p><p><a href=\"mailto:arno.rogalla@rogalla-consulting.com\">arno.rogalla@rogalla-consulting.com<\/a><br \/><a href=\"http:\/\/www.rogalla-consulting.com\/\" target=\"_blank\" rel=\"noopener\">www.rogalla-consulting.com<\/a><\/p><p class=\"p1\"><b>Konzeption und Umsetzung:<\/b><br \/>forma interim &#8211; Marketing f\u00fcr Macher<br \/><a href=\"https:\/\/www.forma-interim.de\/\"><span class=\"s1\">www.forma-interim.de<\/span><\/a><\/p><p class=\"p1\"><b>Haftungsausschluss<\/b><\/p><p class=\"p1\"><b>Haftung f\u00fcr Inhalte<\/b><br \/>Die Inhalte dieser Seiten wurden mit gr\u00f6\u00dfter Sorgfalt erstellt. F\u00fcr die Richtigkeit, Vollst\u00e4ndigkeit und Aktualit\u00e4t der Inhalte kann ich jedoch keine Gew\u00e4hr \u00fcbernehmen. Als Diensteanbieter bin ich gem\u00e4\u00df \u00a7 7 Abs.1 DDG f\u00fcr eigene Inhalte auf diesen Seiten nach den allgemeinen Gesetzen verantwortlich. Nach \u00a7\u00a7 8 bis 10 DDG bin ich als Diensteanbieter jedoch nicht verpflichtet, \u00fcbermittelte oder gespeicherte fremde Informationen zu \u00fcberwachen oder nach Umst\u00e4nden zu forschen, die auf eine rechtswidrige T\u00e4tigkeit hinweisen. Verpflichtungen zur Entfernung oder Sperrung der Nutzung von Informationen nach den allgemeinen Gesetzen bleiben hiervon unber\u00fchrt. Eine diesbez\u00fcgliche Haftung ist jedoch erst ab dem Zeitpunkt der Kenntnis einer konkreten Rechtsverletzung m\u00f6glich. Bei Bekanntwerden von entsprechenden Rechtsverletzungen werde ich diese Inhalte umgehend entfernen.<\/p><p class=\"p1\"><b>Haftung f\u00fcr Links<\/b><br \/>Mein Angebot enth\u00e4lt Links zu externen Webseiten Dritter, auf deren Inhalte ich keinen Einfluss habe. Deshalb kann ich f\u00fcr diese fremden Inhalte auch keine Gew\u00e4hr \u00fcbernehmen. F\u00fcr die Inhalte der verlinkten Seiten ist stets der jeweilige Anbieter oder Betreiber der Seiten verantwortlich. Die verlinkten Seiten wurden zum Zeitpunkt der Verlinkung auf m\u00f6gliche Rechtsverst\u00f6\u00dfe \u00fcberpr\u00fcft. Rechtswidrige Inhalte waren zum Zeitpunkt der Verlinkung nicht erkennbar. Eine permanente inhaltliche Kontrolle der verlinkten Seiten ist jedoch ohne konkrete Anhaltspunkte einer Rechtsverletzung nicht zumutbar. Bei Bekanntwerden von Rechtsverletzungen werde ich derartige Links umgehend entfernen.<\/p><p class=\"p1\"><b>Urheberrecht<\/b><br \/>Die durch den Seitenbetreiber erstellten Inhalte und Werke auf diesen Seiten unterliegen dem deutschen Urheberrecht. Die Vervielf\u00e4ltigung, Bearbeitung, Verbreitung und jede Art der Verwertung au\u00dferhalb der Grenzen des Urheberrechtes bed\u00fcrfen der schriftlichen Zustimmung des jeweiligen Autors bzw. Erstellers. Downloads und Kopien dieser Seite sind nur f\u00fcr den privaten, nicht kommerziellen Gebrauch gestattet. Soweit die Inhalte auf dieser Seite nicht vom Betreiber erstellt wurden, werden die Urheberrechte Dritter beachtet. Insbesondere werden Inhalte Dritter als solche gekennzeichnet. Sollten Sie trotzdem auf eine Urheberrechtsverletzung aufmerksam werden, bitte ich um einen entsprechenden Hinweis. Bei Bekanntwerden von Rechtsverletzungen werde ich derartige Inhalte umgehend entfernen.<\/p><p class=\"p4\"><span class=\"s2\"><a href=\"https:\/\/www.rogalla-consulting.com\/datenschutzerklaerung\/\">Datenschutzerkl\u00e4rung<\/a><\/span><\/p><p class=\"p1\">\u00a0<\/p><\/div>\n\t\t\t\t<\/div>\n\t\t\t\t<\/div>\n\t\t\t\t\t\t<\/div>\n\t\t\t\t\t<\/div>\n\t\t<\/div>\n\t\t\t\t\t\t\t\t<\/div>\n\t\t\t\t\t<\/div>\n\t\t<\/section>\n\t\t\t\t\t\t<\/div>\n\t\t\t\t\t\t<\/div>\n\t\t\t\t\t<\/div>\n\t\t","protected":false},"excerpt":{"rendered":"<p>Angaben gem\u00e4\u00df \u00a7 5 DDG. Verantwortlich f\u00fcr den Inhalt nach \u00a7 55 Abs. 2 RStV: Rogalla Consulting Dr.-Ing. Arno Rogalla R\u00fchmels 74 D-24576&nbsp; Bad Bramstedt Telefon: +49 4192 8936212 Mobil:&nbsp;+49 177 1420938 Fax: +49 4192 8936213 arno.rogalla@rogalla-consulting.com www.rogalla-consulting.com Konzeption und Umsetzung: forma interim &#8211; Marketing f\u00fcr Macher www.forma-interim.de Haftungsausschluss Haftung f\u00fcr Inhalte Die Inhalte dieser &hellip;<\/p>\n<p class=\"read-more\"> <a class=\"ast-button\" href=\"https:\/\/www.rogalla-consulting.com\/en\/impressum\/\"> <span class=\"screen-reader-text\">Impressum<\/span> MEHR<\/a><\/p>\n","protected":false},"author":1,"featured_media":0,"parent":0,"menu_order":8,"comment_status":"closed","ping_status":"closed","template":"","meta":[],"yoast_head":"<!-- This site is optimized with the Yoast SEO plugin v15.2.1 - https:\/\/yoast.com\/wordpress\/plugins\/seo\/ -->\n<title>Impressum - rogalla consulting<\/title>\n<meta name=\"robots\" content=\"index, follow, max-snippet:-1, max-image-preview:large, max-video-preview:-1\" \/>\n<link rel=\"canonical\" href=\"https:\/\/www.rogalla-consulting.com\/en\/impressum\/\" \/>\n<meta property=\"og:locale\" content=\"en_US\" \/>\n<meta property=\"og:type\" content=\"article\" \/>\n<meta property=\"og:title\" content=\"Impressum - rogalla consulting\" \/>\n<meta property=\"og:description\" content=\"Angaben gem\u00e4\u00df \u00a7 5 DDG. Verantwortlich f\u00fcr den Inhalt nach \u00a7 55 Abs. 2 RStV: Rogalla Consulting Dr.-Ing. Arno Rogalla R\u00fchmels 74 D-24576&nbsp; Bad Bramstedt Telefon: +49 4192 8936212 Mobil:&nbsp;+49 177 1420938 Fax: +49 4192 8936213 arno.rogalla@rogalla-consulting.com www.rogalla-consulting.com Konzeption und Umsetzung: forma interim &#8211; Marketing f\u00fcr Macher www.forma-interim.de Haftungsausschluss Haftung f\u00fcr Inhalte Die Inhalte dieser &hellip; Impressum MEHR\" \/>\n<meta property=\"og:url\" content=\"https:\/\/www.rogalla-consulting.com\/en\/impressum\/\" \/>\n<meta property=\"og:site_name\" content=\"rogalla consulting\" \/>\n<meta property=\"article:modified_time\" content=\"2024-06-11T16:11:45+00:00\" \/>\n<meta name=\"twitter:card\" content=\"summary_large_image\" \/>\n<meta name=\"twitter:label1\" content=\"Written by\">\n\t<meta name=\"twitter:data1\" content=\"Motho\">\n\t<meta name=\"twitter:label2\" content=\"Est. reading time\">\n\t<meta name=\"twitter:data2\" content=\"2 minutes\">\n<script type=\"application\/ld+json\" class=\"yoast-schema-graph\">{\"@context\":\"https:\/\/schema.org\",\"@graph\":[{\"@type\":\"WebSite\",\"@id\":\"https:\/\/www.rogalla-consulting.com\/#website\",\"url\":\"https:\/\/www.rogalla-consulting.com\/\",\"name\":\"rogalla consulting\",\"description\":\"Unternehmen beraten &amp; managen\",\"potentialAction\":[{\"@type\":\"SearchAction\",\"target\":\"https:\/\/www.rogalla-consulting.com\/?s={search_term_string}\",\"query-input\":\"required name=search_term_string\"}],\"inLanguage\":\"en-US\"},{\"@type\":\"WebPage\",\"@id\":\"https:\/\/www.rogalla-consulting.com\/en\/impressum\/#webpage\",\"url\":\"https:\/\/www.rogalla-consulting.com\/en\/impressum\/\",\"name\":\"Impressum - rogalla consulting\",\"isPartOf\":{\"@id\":\"https:\/\/www.rogalla-consulting.com\/#website\"},\"datePublished\":\"2020-08-18T12:31:39+00:00\",\"dateModified\":\"2024-06-11T16:11:45+00:00\",\"inLanguage\":\"en-US\",\"potentialAction\":[{\"@type\":\"ReadAction\",\"target\":[\"https:\/\/www.rogalla-consulting.com\/en\/impressum\/\"]}]}]}<\/script>\n<!-- \/ Yoast SEO plugin. -->","_links":{"self":[{"href":"https:\/\/www.rogalla-consulting.com\/en\/wp-json\/wp\/v2\/pages\/36"}],"collection":[{"href":"https:\/\/www.rogalla-consulting.com\/en\/wp-json\/wp\/v2\/pages"}],"about":[{"href":"https:\/\/www.rogalla-consulting.com\/en\/wp-json\/wp\/v2\/types\/page"}],"author":[{"embeddable":true,"href":"https:\/\/www.rogalla-consulting.com\/en\/wp-json\/wp\/v2\/users\/1"}],"replies":[{"embeddable":true,"href":"https:\/\/www.rogalla-consulting.com\/en\/wp-json\/wp\/v2\/comments?post=36"}],"version-history":[{"count":4,"href":"https:\/\/www.rogalla-consulting.com\/en\/wp-json\/wp\/v2\/pages\/36\/revisions"}],"predecessor-version":[{"id":1751,"href":"https:\/\/www.rogalla-consulting.com\/en\/wp-json\/wp\/v2\/pages\/36\/revisions\/1751"}],"wp:attachment":[{"href":"https:\/\/www.rogalla-consulting.com\/en\/wp-json\/wp\/v2\/media?parent=36"}],"curies":[{"name":"wp","href":"https:\/\/api.w.org\/{rel}","templated":true}]}}